{"id":15702,"date":"2025-01-03T11:07:20","date_gmt":"2025-01-03T10:07:20","guid":{"rendered":"https:\/\/szkolenia.adampolsa.com.pl\/kontakt\/"},"modified":"2025-01-20T10:57:44","modified_gmt":"2025-01-20T09:57:44","slug":"contact","status":"publish","type":"page","link":"https:\/\/szkolenia.adampolsa.com.pl\/en\/contact\/","title":{"rendered":"Contact"},"content":{"rendered":"<p><a href=\"#content\">[arrow-down]<\/a><\/p>\n<h1>ADAMPOL S.A.<\/h1>\n<ul>\n<li>\n<div>\n<p><strong>HEADQUARTERS<\/strong><br \/>ul. Us\u0142ugowa 3<br \/>15-521 Za\u015bcianki<br \/>k. Bia\u0142egostoku<br \/>Poland<\/p>\n<\/div>\n<\/li>\n<li>\n<div>\n<p><strong>CONTACT TRAINING<\/strong><\/p>\n<p><a href=\"tel:+48 603 604 936\">+48 603 604 936<\/a><br \/><a href=\"tel:+48783 941 329\">+48 783 941 329<\/a><br \/><a href=\"mailto:szkolenia@adampolsa.com.pl\">szkolenia@adampolsa.com.pl<\/a><\/p>\n<\/div>\n<\/li>\n<li>\n<div>\n<p>VAT ID: PL5420000162<br \/>Business Register no. (REGON): 002347759<br \/>Waste database (BDO): 000000362<br \/>National Court Register (KRS): 0000056707<\/p>\n<\/div>\n<\/li>\n<li>\n<div>\n<p>Registration authority: District Court in Bia\u0142ystok, XII Commercial Division of the National Court Register<br \/>Share capital 855,800.00 PLN paid in full<\/p>\n<\/div>\n<\/li>\n<\/ul>\n<h2>Do you have any questions?<\/h2>\n<h3>Write us a message<\/h3>\n<div>\n<style id=\"wpforms-css-vars-15597\">\n\t\t\t\t#wpforms-15597 {\n\t\t\t\t\n\t\t\t}\n\t\t\t<\/style><div class=\"wpforms-container wpforms-container-full wpforms-render-modern\" id=\"wpforms-15597\"><form id=\"wpforms-form-15597\" class=\"wpforms-validate wpforms-form wpforms-ajax-form\" data-formid=\"15597\" method=\"post\" enctype=\"multipart\/form-data\" action=\"\/en\/wp-json\/wp\/v2\/pages\/15702\" data-token=\"d876db523723f3f7a38a5959d862e5df\" data-token-time=\"1775489108\"><noscript class=\"wpforms-error-noscript\">Please enable JavaScript in your browser to complete this form.<\/noscript><div id=\"wpforms-error-noscript\" style=\"display: none;\">Please enable JavaScript in your browser to complete this form.<\/div><div class=\"wpforms-field-container\"><div id=\"wpforms-15597-field_7-container\" class=\"wpforms-field wpforms-field-layout\" data-field-id=\"7\"><div class=\"wpforms-field-layout-columns wpforms-field-layout-preset-50-50\"><div class=\"wpforms-layout-column wpforms-layout-column-50\" ><div id=\"wpforms-15597-field_2-container\" class=\"wpforms-field wpforms-field-text\" data-field-id=\"2\"><label class=\"wpforms-field-label\" for=\"wpforms-15597-field_2\">First and last name <span class=\"wpforms-required-label\" aria-hidden=\"true\">*<\/span><\/label><input type=\"text\" id=\"wpforms-15597-field_2\" class=\"wpforms-field-medium wpforms-field-required\" name=\"wpforms[fields][2]\" aria-errormessage=\"wpforms-15597-field_2-error\" required><\/div><\/div><div class=\"wpforms-layout-column wpforms-layout-column-50\" ><div id=\"wpforms-15597-field_3-container\" class=\"wpforms-field wpforms-field-email\" data-field-id=\"3\"><label class=\"wpforms-field-label\" for=\"wpforms-15597-field_3\">E-mail <span class=\"wpforms-required-label\" aria-hidden=\"true\">*<\/span><\/label><input type=\"email\" id=\"wpforms-15597-field_3\" class=\"wpforms-field-medium wpforms-field-required\" name=\"wpforms[fields][3]\" spellcheck=\"false\" aria-errormessage=\"wpforms-15597-field_3-error\" required><\/div><\/div><\/div><\/div><div id=\"wpforms-15597-field_8-container\" class=\"wpforms-field wpforms-field-layout\" data-field-id=\"8\"><div class=\"wpforms-field-layout-columns wpforms-field-layout-preset-50-50\"><div class=\"wpforms-layout-column wpforms-layout-column-50\" ><div id=\"wpforms-15597-field_4-container\" class=\"wpforms-field wpforms-field-text\" data-field-id=\"4\"><label class=\"wpforms-field-label\" for=\"wpforms-15597-field_4\">Phone<\/label><input type=\"text\" id=\"wpforms-15597-field_4\" class=\"wpforms-field-medium\" name=\"wpforms[fields][4]\" aria-errormessage=\"wpforms-15597-field_4-error\" ><\/div><\/div><div class=\"wpforms-layout-column wpforms-layout-column-50\" ><div id=\"wpforms-15597-field_5-container\" class=\"wpforms-field wpforms-field-text\" data-field-id=\"5\"><label class=\"wpforms-field-label\" for=\"wpforms-15597-field_5\">Company<\/label><input type=\"text\" id=\"wpforms-15597-field_5\" class=\"wpforms-field-medium\" name=\"wpforms[fields][5]\" aria-errormessage=\"wpforms-15597-field_5-error\" ><\/div><\/div><\/div><\/div><div id=\"wpforms-15597-field_6-container\" class=\"wpforms-field wpforms-field-textarea\" data-field-id=\"6\"><label class=\"wpforms-field-label\" for=\"wpforms-15597-field_6\">Content of the question<\/label><textarea id=\"wpforms-15597-field_6\" class=\"wpforms-field-medium\" name=\"wpforms[fields][6]\" aria-errormessage=\"wpforms-15597-field_6-error\" ><\/textarea><\/div><div id=\"wpforms-15597-field_9-container\" class=\"wpforms-field wpforms-field-checkbox\" data-field-id=\"9\"><fieldset><legend class=\"wpforms-field-label wpforms-label-hide\" aria-hidden=\"false\">Zgoda <span class=\"wpforms-required-label\" aria-hidden=\"true\">*<\/span><\/legend><ul id=\"wpforms-15597-field_9\" class=\"wpforms-field-required\"><li class=\"choice-1 depth-1\"><input type=\"checkbox\" id=\"wpforms-15597-field_9_1\" name=\"wpforms[fields][9][]\" value=\"I consent to the processing of my personal data contained in this form by Adampol S.A., for marketing purposes, including customer satisfaction surveys, statistics, and conducting pre-sales and post-sales service. Read more about this in our Privacy Policy.\" aria-errormessage=\"wpforms-15597-field_9_1-error\" required ><label class=\"wpforms-field-label-inline\" for=\"wpforms-15597-field_9_1\">I consent to the processing of my personal data contained in this form by Adampol S.A., for marketing purposes, including customer satisfaction surveys, statistics, and conducting pre-sales and post-sales service. Read more about this in our Privacy Policy.<\/label><\/li><\/ul><\/fieldset><\/div><\/div><!-- .wpforms-field-container --><div class=\"wpforms-submit-container\" ><input type=\"hidden\" name=\"wpforms[id]\" value=\"15597\"><input type=\"hidden\" name=\"page_title\" value=\"\"><input type=\"hidden\" name=\"page_url\" value=\"https:\/\/szkolenia.adampolsa.com.pl\/en\/wp-json\/wp\/v2\/pages\/15702\"><input type=\"hidden\" name=\"url_referer\" value=\"\"><button type=\"submit\" name=\"wpforms[submit]\" id=\"wpforms-submit-15597\" class=\"wpforms-submit\" data-alt-text=\"Sending...\" data-submit-text=\"Send\" aria-live=\"assertive\" value=\"wpforms-submit\">Send<\/button><img loading=\"lazy\" decoding=\"async\" src=\"https:\/\/szkolenia.adampolsa.com.pl\/wp-content\/plugins\/wpforms\/assets\/images\/submit-spin.svg\" class=\"wpforms-submit-spinner\" style=\"display: none;\" width=\"26\" height=\"26\" alt=\"Loading\"><\/div><\/form><\/div>  <!-- .wpforms-container --><\/div>\n<h3>Branches<\/h3>\n<ul>\n<li>\n<p>53.1242877,23.2481888<\/p>\n<h3>SIEDZIBA G\u0141\u00d3WNA<\/h3>\n<div>\n<p>ul. Us\u0142ugowa 3<br \/>15-521 Za\u015bcianki<br \/>k. Bia\u0142egostoku<br \/>Polska<\/p>\n<\/div>\n<\/li>\n<li>\n<p>50.1001427,19.0568434<\/p>\n<h3>Oddzia\u0142 Tychy<\/h3>\n<div>\n<p>\u015awierczyniecka 12, 43-100 Tychy Poland<\/p>\n<\/div>\n<\/li>\n<li>\n<p>54.4055678,18.6517894<\/p>\n<h3>Odzia\u0142 Gda\u0144sk<\/h3>\n<\/li>\n<li>\n<p>52.0227957,23.5341518<\/p>\n<h3>Odzia\u0142 Ma\u0142aszewicze<\/h3>\n<div>\n<p>Celna 21, 21-540 Ma\u0142aszewicze Poland<\/p>\n<\/div>\n<\/li>\n<\/ul>\n<h4>Car transport is a cmplicated process. Untrained Driver means problems and costs from the very beginning. <\/h4>\n<p>\n    <a href=\"\/oferta-szkolen\/\">Oferta szkole\u0144<\/a>\n<\/p>\n<p><!--more--><br \/>\n<!-- {\"type\":\"layout\",\"children\":[{\"type\":\"section\",\"props\":{\"animation\":\"slide-bottom-medium\",\"animation_delay\":\"150\",\"class\":\"hero-subpage-small\",\"header_transparent\":true,\"header_transparent_noplaceholder\":false,\"header_transparent_text_color\":\"light\",\"height\":\"section\",\"height_offset_top\":true,\"image\":\"wp-content\\\/uploads\\\/2025\\\/01\\\/ZGF_6201-scaled.jpg\",\"image_effect\":\"parallax\",\"image_parallax_bgy\":\"-15vh\",\"image_parallax_easing\":\"0.7\",\"image_position\":\"center-center\",\"image_size\":\"cover\",\"media_background\":\"#262F49\",\"media_overlay_gradient\":\"linear-gradient(180deg, rgba(39,48,74,0.7945378835127801) 0%, rgba(39,48,74,0.4107843821122199) 50%, rgba(39,48,74,1) 100%);\",\"padding_remove_bottom\":true,\"style\":\"default\",\"text_color\":\"light\",\"title_breakpoint\":\"xl\",\"title_position\":\"top-left\",\"title_rotation\":\"left\",\"vertical_align\":\"bottom\",\"width\":\"large\"},\"children\":[{\"type\":\"row\",\"children\":[{\"type\":\"column\",\"props\":{\"image_position\":\"center-center\",\"position_sticky_breakpoint\":\"m\",\"vertical_align\":\"bottom\"},\"children\":[{\"type\":\"headline\",\"props\":{\"margin_remove_bottom\":false,\"maxwidth\":\"2xlarge\",\"maxwidth_breakpoint\":\"m\",\"title_element\":\"h1\"},\"source\":{\"query\":{\"name\":\"pages.singlePage\"},\"props\":{\"content\":{\"filters\":{\"search\":\"\"},\"name\":\"title\"}}}},{\"type\":\"text\",\"props\":{\"column_breakpoint\":\"m\",\"css\":\".el-element {font-family: 'GeneralSans-Regular';}\",\"margin\":\"default\",\"maxwidth\":\"2xlarge\",\"maxwidth_breakpoint\":\"m\",\"text_style\":\"lead\"},\"source\":{\"query\":{\"name\":\"pages.singlePage\"},\"props\":{\"content\":{\"filters\":{\"search\":\"\"},\"name\":\"field.wstep\"}}}},{\"type\":\"icon\",\"props\":{\"class\":\"scroll-down-icon\",\"icon\":\"arrow-down\",\"icon_width\":\"24\",\"link\":\"#content\",\"margin\":\"default\",\"position\":\"absolute\",\"position_bottom\":\"20px\",\"text_align\":\"right\",\"visibility\":\"m\"}}]}],\"props\":{\"margin_remove_bottom\":false}}],\"name\":\"Hero+final-art\",\"source\":{\"query\":{\"name\":\"pages.singlePage\"}}},{\"type\":\"section\",\"props\":{\"css\":\".el-section { padding-top:20px;}\",\"image_position\":\"center-center\",\"padding_remove_top\":false,\"style\":\"primary\",\"title_breakpoint\":\"xl\",\"title_position\":\"top-left\",\"title_rotation\":\"left\",\"vertical_align\":\"middle\",\"width\":\"large\"},\"children\":[{\"type\":\"row\",\"children\":[{\"type\":\"column\",\"props\":{\"image_position\":\"center-center\",\"position_sticky_breakpoint\":\"m\"}}]}]},{\"type\":\"section\",\"props\":{\"id\":\"content\",\"image_position\":\"center-center\",\"style\":\"default\",\"title_breakpoint\":\"xl\",\"title_position\":\"top-left\",\"title_rotation\":\"left\",\"vertical_align\":\"middle\",\"width\":\"large\"},\"children\":[{\"type\":\"row\",\"children\":[{\"type\":\"column\",\"props\":{\"image_position\":\"center-center\",\"position_sticky_breakpoint\":\"m\"},\"children\":[{\"type\":\"headline\",\"props\":{\"content\":\"ADAMPOL S.A.\",\"margin\":\"default\",\"title_element\":\"h1\",\"title_style\":\"heading-medium\"},\"name\":\"heading-medium\"},{\"type\":\"grid\",\"props\":{\"class\":\"footer-grid\",\"content_column_breakpoint\":\"m\",\"filter_align\":\"left\",\"filter_all\":true,\"filter_grid_breakpoint\":\"m\",\"filter_grid_width\":\"auto\",\"filter_position\":\"top\",\"filter_style\":\"tab\",\"grid_default\":\"1\",\"grid_divider\":false,\"grid_medium\":\"4\",\"grid_row_align\":false,\"grid_small\":\"2\",\"icon_width\":80,\"image_align\":\"top\",\"image_grid_breakpoint\":\"m\",\"image_grid_width\":\"1-2\",\"image_svg_color\":\"emphasis\",\"item_animation\":true,\"link_style\":\"default\",\"link_text\":\"Read more\",\"margin\":\"default\",\"meta_align\":\"below-title\",\"meta_element\":\"div\",\"meta_style\":\"text-meta\",\"show_content\":true,\"show_image\":true,\"show_link\":true,\"show_meta\":true,\"show_title\":true,\"title_align\":\"top\",\"title_element\":\"h3\",\"title_grid_breakpoint\":\"m\",\"title_grid_width\":\"1-2\",\"title_hover_style\":\"reset\"},\"children\":[{\"type\":\"grid_item\",\"props\":{\"content\":\"\n\n<p><strong>HEADQUARTERS<\\\/strong><br \\\/>ul. Us\\u0142ugowa 3<br \\\/>15-521 Za\\u015bcianki<br \\\/>k. Bia\\u0142egostoku<br \\\/>Poland<\\\/p>\"}},{\"type\":\"grid_item\",\"props\":{\"content\":\"\n\n<p><strong>CONTACT TRAINING<\\\/strong><\\\/p>\\n\n\n<p><a href=\\\"tel:+48 603 604 936\\\">+48 603 604 936<\\\/a><br \\\/><a href=\\\"tel:+48783 941 329\\\">+48 783 941 329<\\\/a><br \\\/><a href=\\\"mailto:szkolenia@adampolsa.com.pl\\\">szkolenia@adampolsa.com.pl<\\\/a><\\\/p>\\n\"}},{\"type\":\"grid_item\",\"props\":{\"content\":\"\n\n<p>VAT ID: PL5420000162<br \\\/>Business Register no. (REGON): 002347759<br \\\/>Waste database (BDO): 000000362<br \\\/>National Court Register (KRS): 0000056707<\\\/p>\"}},{\"type\":\"grid_item\",\"props\":{\"content\":\"\n\n<p>Registration authority: District Court in Bia\\u0142ystok, XII Commercial Division of the National Court Register<br \\\/>Share capital 855,800.00 PLN paid in full<\\\/p>\"}}],\"name\":\"grid-dane-kontaktowe\"}]}]}],\"name\":\"content\"},{\"type\":\"section\",\"props\":{\"image_position\":\"center-center\",\"style\":\"default\",\"title_breakpoint\":\"xl\",\"title_position\":\"top-left\",\"title_rotation\":\"left\",\"vertical_align\":\"middle\",\"width\":\"large\"},\"children\":[{\"type\":\"row\",\"children\":[{\"type\":\"column\",\"props\":{\"image_position\":\"center-center\",\"position_sticky_breakpoint\":\"m\"},\"children\":[{\"type\":\"headline\",\"props\":{\"content\":\"Do you have any questions?\",\"margin\":\"small\",\"title_color\":\"secondary\",\"title_element\":\"h2\",\"title_style\":\"h5\"},\"name\":\"sub-head\"},{\"type\":\"headline\",\"props\":{\"content\":\"Write us a message\",\"margin\":\"small\",\"title_element\":\"h3\",\"title_style\":\"heading-medium\"},\"name\":\"heading-medium\"},{\"type\":\"html\",\"props\":{\"content\":\"[wpforms id=\\\"15597\\\"]\"}}]}]}]},{\"type\":\"section\",\"props\":{\"image_position\":\"center-center\",\"padding_remove_top\":true,\"style\":\"default\",\"title_breakpoint\":\"xl\",\"title_position\":\"top-left\",\"title_rotation\":\"left\",\"vertical_align\":\"middle\",\"width\":\"large\"},\"children\":[{\"type\":\"row\",\"children\":[{\"type\":\"column\",\"props\":{\"image_position\":\"center-center\",\"position_sticky_breakpoint\":\"m\"},\"children\":[{\"type\":\"grid\",\"props\":{\"class\":\"grid-grey-bg-w-link hide-link grid-white-boxes-mh-2\",\"content_column_breakpoint\":\"m\",\"filter_align\":\"left\",\"filter_all\":true,\"filter_grid_breakpoint\":\"m\",\"filter_grid_width\":\"auto\",\"filter_position\":\"top\",\"filter_style\":\"tab\",\"grid_default\":\"2\",\"grid_large\":\"6\",\"grid_medium\":\"3\",\"grid_small\":\"3\",\"grid_xlarge\":\"6\",\"icon_color\":\"primary\",\"icon_width\":\"34\",\"image_align\":\"top\",\"image_grid_breakpoint\":\"m\",\"image_grid_width\":\"1-2\",\"image_svg_color\":\"emphasis\",\"image_svg_inline\":false,\"item_animation\":true,\"link_margin\":\"remove\",\"link_style\":\"default\",\"link_text\":\"Dowiedz si\\u0119 wi\\u0119cej\",\"margin\":\"default\",\"meta_align\":\"below-title\",\"meta_element\":\"div\",\"meta_style\":\"text-meta\",\"panel_link\":true,\"panel_padding\":\"small\",\"panel_style\":\"card-secondary\",\"show_content\":true,\"show_image\":true,\"show_link\":true,\"show_meta\":true,\"show_title\":true,\"title_align\":\"top\",\"title_color\":\"primary\",\"title_element\":\"h3\",\"title_grid_breakpoint\":\"m\",\"title_grid_width\":\"1-2\",\"title_hover_style\":\"reset\",\"title_style\":\"h4\"},\"children\":[{\"type\":\"grid_item\",\"props\":{\"icon\":\"teenyicons-outline--envelope-open\",\"image\":\"\",\"link\":\"zapytaj-o-wycene\\\/\",\"title\":\"Sprzeda\\u017c i obs\\u0142uga klienta\"}},{\"type\":\"grid_item\",\"props\":{\"icon\":\"teenyicons-outline--garage\",\"image\":\"\",\"link\":\"\\\/kontakt\\\/terminale-i-wolny-obszar-celny\\\/\",\"title\":\"Terminale i Wolny Obszar Celny\"}},{\"type\":\"grid_item\",\"props\":{\"icon\":\"teenyicons-outline--contract\",\"image\":\"\",\"link\":\"kontakt\\\/uslugi-celne\\\/\",\"title\":\"Us\\u0142ugi Celne\"}},{\"type\":\"grid_item\",\"props\":{\"icon\":\"teenyicons-outline--thumb-up\",\"image\":\"\",\"link\":\"kontakt\\\/pracuj-z-nami\\\/\",\"title\":\"Pracuj z nami\"}},{\"type\":\"grid_item\",\"props\":{\"icon\":\"teenyicons-outline--globe-americas\",\"image\":\"\",\"link\":\"kontakt\\\/wspolpraca-z-przewoznikami\\\/\",\"title\":\"Wsp\\u00f3\\u0142praca z przewo\\u017anikami\"}},{\"type\":\"grid_item\",\"props\":{\"icon\":\"teenyicons-outline--car\",\"image\":\"\",\"link\":\"kontakt\\\/serwis-samochodowy\\\/\",\"title\":\"Serwis samochodowy\"}}],\"name\":\"grid-dark-gradient-boxes\"}]}],\"props\":{\"status\":\"disabled\"}}]},{\"type\":\"section\",\"props\":{\"id\":\"mapa\",\"image_position\":\"center-center\",\"padding\":\"none\",\"style\":\"default\",\"title_breakpoint\":\"xl\",\"title_position\":\"top-left\",\"title_rotation\":\"left\",\"vertical_align\":\"middle\",\"width\":\"\"},\"children\":[{\"type\":\"row\",\"children\":[{\"type\":\"column\",\"props\":{\"image_position\":\"center-center\",\"position_sticky_breakpoint\":\"m\"},\"children\":[{\"type\":\"headline\",\"props\":{\"content\":\"Branches\",\"margin\":\"small\",\"title_element\":\"h3\",\"title_style\":\"heading-medium\"},\"name\":\"heading-medium\"}]}],\"props\":{\"width\":\"large\"}},{\"type\":\"row\",\"children\":[{\"type\":\"column\",\"props\":{\"image_position\":\"center-center\",\"position_sticky_breakpoint\":\"m\"},\"children\":[{\"type\":\"map\",\"props\":{\"controls\":false,\"dragging\":true,\"height\":550,\"image_svg_color\":\"emphasis\",\"link_style\":\"default\",\"link_text\":\"Read more\",\"margin\":\"default\",\"max_zoom\":18,\"meta_align\":\"below-title\",\"meta_element\":\"div\",\"meta_style\":\"text-meta\",\"min_zoom\":0,\"poi\":false,\"show_content\":true,\"show_image\":true,\"show_link\":true,\"show_meta\":true,\"show_title\":true,\"title_element\":\"h3\",\"title_hover_style\":\"reset\",\"type\":\"roadmap\",\"zoom\":\"6\",\"zooming\":false},\"children\":[{\"type\":\"map_item\",\"props\":{\"content\":\"\n\n<p>ul. Us\\u0142ugowa 3<br \\\/>15-521 Za\\u015bcianki<br \\\/>k. Bia\\u0142egostoku<br \\\/>Polska<\\\/p>\",\"location\":\"53.1242877,23.2481888\",\"marker_icon\":\"wp-content\\\/uploads\\\/2025\\\/01\\\/siedziba-65118a818bdf0.png\",\"title\":\"SIEDZIBA G\\u0141\\u00d3WNA\"}},{\"type\":\"map_item\",\"props\":{\"content\":\"\n\n<p>\\u015awierczyniecka 12, 43-100 Tychy Poland<\\\/p>\",\"location\":\"50.1001427,19.0568434\",\"marker_icon\":\"wp-content\\\/uploads\\\/2025\\\/01\\\/oddzial-65118a0459418.png\",\"title\":\"Oddzia\\u0142 Tychy\"}},{\"type\":\"map_item\",\"props\":{\"location\":\"54.4055678,18.6517894\",\"marker_icon\":\"wp-content\\\/uploads\\\/2025\\\/01\\\/oddzial-65118a0459418.png\",\"title\":\"Odzia\\u0142 Gda\\u0144sk\"}},{\"type\":\"map_item\",\"props\":{\"content\":\"\n\n<p>Celna 21, 21-540 Ma\\u0142aszewicze Poland<\\\/p>\",\"location\":\"52.0227957,23.5341518\",\"marker_icon\":\"wp-content\\\/uploads\\\/2025\\\/01\\\/oddzial-65118a0459418.png\",\"title\":\"Odzia\\u0142 Ma\\u0142aszewicze\"}}]}]}]}],\"name\":\"mapa\"},{\"type\":\"section\",\"props\":{\"image_position\":\"center-center\",\"image_size\":\"cover\",\"media_background\":\"#27304A\",\"media_overlay\":\"rgba(39, 48, 74, 0.19)\",\"media_overlay_gradient\":\"linear-gradient(0deg, #27304A 0%, rgba(39, 48, 74, 0.00) 100%);\",\"padding\":\"xlarge\",\"padding_remove_top\":false,\"style\":\"primary\",\"title_breakpoint\":\"xl\",\"title_position\":\"top-left\",\"title_rotation\":\"left\",\"vertical_align\":\"bottom\",\"video\":\"https:\\\/\\\/www.adampolsa.com.pl\\\/wp-content\\\/uploads\\\/2023\\\/12\\\/comp-1.mp4\",\"width\":\"large\"},\"children\":[{\"type\":\"row\",\"children\":[{\"type\":\"column\",\"props\":{\"image_position\":\"center-center\",\"position_sticky_breakpoint\":\"m\"},\"children\":[{\"type\":\"headline\",\"props\":{\"animation\":\"parallax\",\"block_align\":\"center\",\"content\":\"Car transport is a cmplicated process. Untrained Driver means problems and costs from the very beginning. \",\"maxwidth\":\"2xlarge\",\"parallax_easing\":\"0.3\",\"parallax_opacity\":\"0 15%,1 60%\",\"parallax_scale\":\"0.8 15%,1.2 60%\",\"text_align\":\"center\",\"title_element\":\"h4\",\"title_style\":\"heading-medium\"}},{\"type\":\"button\",\"props\":{\"animation\":\"parallax\",\"button_size\":\"large\",\"grid_column_gap\":\"small\",\"grid_row_gap\":\"small\",\"margin\":\"large\",\"parallax_easing\":\"-0.3\",\"parallax_opacity\":\"0 40%,1 65%\",\"parallax_scale\":\"0.8 40%,1 65%\",\"text_align\":\"center\"},\"children\":[{\"type\":\"button_item\",\"props\":{\"button_style\":\"secondary\",\"content\":\"Oferta szkole\\u0144\",\"icon\":\"arrow-right\",\"icon_align\":\"right\",\"link\":\"oferta-szkolen\\\/\"}}]}]}]}],\"name\":\"sekcja-cta-1-video\"}],\"version\":\"4.4.20\"} --><\/p>\n","protected":false},"excerpt":{"rendered":"<p>[arrow-down] ADAMPOL S.A. HEADQUARTERSul. Us\u0142ugowa 315-521 Za\u015bciankik. Bia\u0142egostokuPoland CONTACT TRAINING +48 603 604 936+48 783 941 329szkolenia@adampolsa.com.pl VAT ID: PL5420000162Business Register no. (REGON): 002347759Waste database (BDO): 000000362National Court Register (KRS): 0000056707 Registration authority: District Court in Bia\u0142ystok, XII Commercial Division of the National Court RegisterShare capital 855,800.00 PLN paid in full Do you have any [&hellip;]<\/p>\n","protected":false},"author":444,"featured_media":0,"parent":0,"menu_order":0,"comment_status":"closed","ping_status":"closed","template":"","meta":{"footnotes":""},"class_list":["post-15702","page","type-page","status-publish","hentry"],"_links":{"self":[{"href":"https:\/\/szkolenia.adampolsa.com.pl\/en\/wp-json\/wp\/v2\/pages\/15702","targetHints":{"allow":["GET"]}}],"collection":[{"href":"https:\/\/szkolenia.adampolsa.com.pl\/en\/wp-json\/wp\/v2\/pages"}],"about":[{"href":"https:\/\/szkolenia.adampolsa.com.pl\/en\/wp-json\/wp\/v2\/types\/page"}],"author":[{"embeddable":true,"href":"https:\/\/szkolenia.adampolsa.com.pl\/en\/wp-json\/wp\/v2\/users\/444"}],"replies":[{"embeddable":true,"href":"https:\/\/szkolenia.adampolsa.com.pl\/en\/wp-json\/wp\/v2\/comments?post=15702"}],"version-history":[{"count":9,"href":"https:\/\/szkolenia.adampolsa.com.pl\/en\/wp-json\/wp\/v2\/pages\/15702\/revisions"}],"predecessor-version":[{"id":15711,"href":"https:\/\/szkolenia.adampolsa.com.pl\/en\/wp-json\/wp\/v2\/pages\/15702\/revisions\/15711"}],"wp:attachment":[{"href":"https:\/\/szkolenia.adampolsa.com.pl\/en\/wp-json\/wp\/v2\/media?parent=15702"}],"curies":[{"name":"wp","href":"https:\/\/api.w.org\/{rel}","templated":true}]}}