{"id":15832,"date":"2025-01-10T10:11:23","date_gmt":"2025-01-10T09:11:23","guid":{"rendered":"https:\/\/szkolenia.adampolsa.com.pl\/oferta-szkolen\/"},"modified":"2025-01-20T13:39:23","modified_gmt":"2025-01-20T12:39:23","slug":"predlozenie-obucenija","status":"publish","type":"page","link":"https:\/\/szkolenia.adampolsa.com.pl\/ru\/predlozenie-obucenija\/","title":{"rendered":"\u041f\u0440\u0435\u0434\u043b\u043e\u0436\u0435\u043d\u0438\u0435 \u043e\u0431\u0443\u0447\u0435\u043d\u0438\u044f"},"content":{"rendered":"<h1>Oferta szkole\u0144<\/h1>\n<div>\n<p>Prowadzisz firm\u0119 transportow\u0105 i potrzebujesz profesjonalnego szkolenia kierowc\u00f3w autoransporter\u00f3w? Skorzystaj z naszej wiedzy i do\u015bwiadczenia.<\/p>\n<\/div>\n<p><a href=\"#content\">[arrow-down]<\/a><\/p>\n<h2>Kompleksowe szkolenie z przewoz\u00f3w samochod\u00f3w<\/h2>\n<div>\n<\/div>\n<div>\n<h3>Szkolimy od A do Z w j\u0119zyku polskim, rosyjskim i angielskim.<\/h3>\n<p>ZAPRASZAMY DO WSP\u00d3\u0141PRACY<\/p>\n<div>\n<p><span>Jako firma z 25 letnim do\u015bwiadczeniem w transporcie samochod\u00f3w, oferujemy profesjonalne, kompleksowe szkolenia kierowc\u00f3w autotransporter\u00f3w, nazywanych potocznie laweciarzami, busiarzami, drajwerami lawet.<\/span><\/p>\n<\/div>\n<\/div>\n<p>\n    <a href=\"https:\/\/szkolenia.adampolsa.com.pl\/ru\/kontakt\/\">Zapytanie ofertowe<\/a>\n<\/p>\n<p><!--more--><br \/>\n<!-- {\"type\":\"layout\",\"children\":[{\"type\":\"section\",\"props\":{\"animation\":\"slide-bottom-medium\",\"animation_delay\":\"150\",\"class\":\"hero-subpage-small\",\"header_transparent\":true,\"header_transparent_noplaceholder\":false,\"height\":\"section\",\"height_offset_top\":true,\"image\":\"wp-content\\\/uploads\\\/2025\\\/01\\\/8-scaled.jpg\",\"image_effect\":\"parallax\",\"image_parallax_bgy\":\"15vh\",\"image_position\":\"center-center\",\"image_size\":\"cover\",\"media_background\":\"#262F49\",\"media_overlay_gradient\":\"linear-gradient(180deg, rgba(39,48,74,0.7945378835127801) 0%, rgba(39,48,74,0.4107843821122199) 50%, rgba(39,48,74,1) 100%);\",\"padding_remove_bottom\":false,\"style\":\"default\",\"text_color\":\"light\",\"title_breakpoint\":\"xl\",\"title_position\":\"top-left\",\"title_rotation\":\"left\",\"vertical_align\":\"bottom\",\"width\":\"large\"},\"children\":[{\"type\":\"row\",\"children\":[{\"type\":\"column\",\"props\":{\"image_position\":\"center-center\",\"position_sticky_breakpoint\":\"m\",\"vertical_align\":\"bottom\"},\"children\":[{\"type\":\"headline\",\"props\":{\"content\":\"Oferta szkole\\u0144\",\"margin_remove_bottom\":false,\"maxwidth\":\"2xlarge\",\"maxwidth_breakpoint\":\"m\",\"title_element\":\"h1\"},\"source\":{\"query\":{\"name\":\"categories.taxonomyCategory\"}}},{\"type\":\"text\",\"props\":{\"column_breakpoint\":\"m\",\"content\":\"\n\n<p>Prowadzisz firm\\u0119 transportow\\u0105 i potrzebujesz profesjonalnego szkolenia kierowc\\u00f3w autoransporter\\u00f3w? Skorzystaj z naszej wiedzy i do\\u015bwiadczenia.<\\\/p>\",\"css\":\".el-element {font-family: 'GeneralSans-Regular';}\",\"margin\":\"default\",\"maxwidth\":\"2xlarge\",\"maxwidth_breakpoint\":\"m\",\"text_style\":\"lead\"},\"source\":{\"query\":{\"name\":\"categories.taxonomyCategory\"}}},{\"type\":\"icon\",\"props\":{\"class\":\"scroll-down-icon\",\"icon\":\"arrow-down\",\"icon_width\":\"24\",\"link\":\"#content\",\"margin\":\"default\",\"position\":\"absolute\",\"position_bottom\":\"20px\",\"text_align\":\"right\",\"visibility\":\"m\"}}]}],\"props\":{\"margin_remove_bottom\":false}}],\"name\":\"Hero+final\"},{\"type\":\"section\",\"props\":{\"id\":\"content\",\"image_position\":\"center-center\",\"style\":\"default\",\"title_breakpoint\":\"xl\",\"title_position\":\"top-left\",\"title_rotation\":\"left\",\"vertical_align\":\"middle\",\"width\":\"large\"},\"children\":[{\"type\":\"row\",\"children\":[{\"type\":\"column\",\"props\":{\"image_position\":\"center-center\",\"position_sticky_breakpoint\":\"m\"},\"children\":[{\"type\":\"headline\",\"props\":{\"content\":\"Kompleksowe szkolenie z przewoz\\u00f3w samochod\\u00f3w\",\"margin\":\"small\",\"title_element\":\"h2\",\"title_style\":\"heading-medium\"},\"name\":\"heading-medium\"}]}]},{\"type\":\"row\",\"children\":[{\"type\":\"column\",\"props\":{\"image_position\":\"center-center\",\"position_sticky_breakpoint\":\"m\"},\"children\":[{\"type\":\"grid\",\"props\":{\"content_column_breakpoint\":\"m\",\"css\":\".el-meta {padding-top:15px;}\",\"filter_align\":\"left\",\"filter_all\":true,\"filter_grid_breakpoint\":\"m\",\"filter_grid_width\":\"auto\",\"filter_position\":\"top\",\"filter_style\":\"tab\",\"grid_default\":\"1\",\"grid_medium\":\"3\",\"grid_small\":\"2\",\"icon_width\":80,\"image_align\":\"top\",\"image_border\":\"rounded\",\"image_grid_breakpoint\":\"m\",\"image_grid_width\":\"1-2\",\"image_height\":\"400\",\"image_svg_color\":\"emphasis\",\"image_transition\":\"scale-up\",\"image_width\":\"590\",\"item_animation\":true,\"link_margin\":\"small\",\"link_style\":\"secondary\",\"link_text\":\"Czytaj wi\\u0119cej\",\"margin\":\"default\",\"meta_align\":\"above-title\",\"meta_color\":\"success\",\"meta_element\":\"div\",\"meta_margin\":\"medium\",\"meta_style\":\"h5\",\"panel_link\":true,\"panel_padding\":\"small\",\"show_content\":true,\"show_image\":true,\"show_link\":true,\"show_meta\":true,\"show_title\":true,\"title_align\":\"top\",\"title_element\":\"h3\",\"title_grid_breakpoint\":\"m\",\"title_grid_width\":\"1-2\",\"title_hover_style\":\"reset\",\"title_margin\":\"small\"},\"children\":[{\"type\":\"grid_item\",\"source\":{\"query\":{\"name\":\"sfwdCoursess.customSfwdCoursess\",\"arguments\":{\"terms\":[],\"category_operator\":\"IN\",\"ld_course_category_operator\":\"IN\",\"ld_course_tag_operator\":\"IN\",\"post_tag_operator\":\"IN\",\"users\":[],\"users_operator\":\"IN\",\"offset\":0,\"limit\":10,\"order\":\"date\",\"order_direction\":\"DESC\"}},\"props\":{\"title\":{\"filters\":{\"search\":\"\"},\"name\":\"title\"},\"image\":{\"filters\":{\"search\":\"\"},\"name\":\"featuredImage.url\"},\"image_alt\":{\"filters\":{\"search\":\"\"},\"name\":\"title\"},\"link\":{\"filters\":{\"search\":\"\"},\"name\":\"link\"}}},\"props\":{\"link_text\":\"Dowiedz si\\u0119 wi\\u0119cej\"}}],\"name\":\"grid-news\"}]}]}]},{\"type\":\"section\",\"props\":{\"image_position\":\"center-center\",\"image_size\":\"cover\",\"media_background\":\"#27304A\",\"media_overlay\":\"rgba(39, 48, 74, 0.19)\",\"media_overlay_gradient\":\"linear-gradient(0deg, #27304A 0%, rgba(39, 48, 74, 0.00) 100%);\",\"padding\":\"xlarge\",\"padding_remove_top\":false,\"style\":\"primary\",\"title_breakpoint\":\"xl\",\"title_position\":\"top-left\",\"title_rotation\":\"left\",\"vertical_align\":\"bottom\",\"video\":\"https:\\\/\\\/www.adampolsa.com.pl\\\/wp-content\\\/uploads\\\/2023\\\/12\\\/comp-1.mp4\",\"width\":\"large\"},\"children\":[{\"type\":\"row\",\"children\":[{\"type\":\"column\",\"props\":{\"image_position\":\"center-center\",\"position_sticky_breakpoint\":\"m\",\"width_medium\":\"2-3\"},\"children\":[{\"type\":\"panel\",\"props\":{\"content\":\"\n\n<p><span>Jako firma z 25 letnim do\\u015bwiadczeniem w transporcie samochod\\u00f3w, oferujemy profesjonalne, kompleksowe szkolenia kierowc\\u00f3w autotransporter\\u00f3w, nazywanych potocznie laweciarzami, busiarzami, drajwerami lawet.<\\\/span><\\\/p>\",\"content_column_breakpoint\":\"m\",\"content_margin\":\"small\",\"icon_width\":80,\"image_align\":\"top\",\"image_grid_breakpoint\":\"m\",\"image_grid_width\":\"1-2\",\"image_svg_color\":\"emphasis\",\"link_style\":\"secondary\",\"link_text\":\"Request a Quote\",\"margin\":\"default\",\"maxwidth\":\"xlarge\",\"meta\":\"ZAPRASZAMY DO WSP\\u00d3\\u0141PRACY\",\"meta_align\":\"above-title\",\"meta_color\":\"success\",\"meta_element\":\"div\",\"meta_margin\":\"small\",\"meta_style\":\"h5\",\"title\":\"Szkolimy od A do Z w j\\u0119zyku polskim, rosyjskim i angielskim.\",\"title_align\":\"top\",\"title_element\":\"h3\",\"title_grid_breakpoint\":\"m\",\"title_grid_width\":\"1-2\",\"title_hover_style\":\"reset\",\"title_margin\":\"small\",\"title_style\":\"heading-medium\"}}]},{\"type\":\"column\",\"props\":{\"image_position\":\"center-center\",\"position_sticky_breakpoint\":\"m\",\"vertical_align\":\"middle\",\"width_medium\":\"1-3\"},\"children\":[{\"type\":\"button\",\"props\":{\"grid_column_gap\":\"small\",\"grid_row_gap\":\"small\",\"margin\":\"default\",\"text_align\":\"right\"},\"children\":[{\"type\":\"button_item\",\"props\":{\"button_style\":\"secondary\",\"content\":\"Zapytanie ofertowe\",\"icon\":\"arrow-right\",\"icon_align\":\"right\",\"link\":\"kontakt\\\/\",\"link_title\":\"ZAPRASZAMY DO WSP\\u00d3\\u0141PRACY\"}}],\"name\":\"zapytanie-ofertowe\"}]}],\"props\":{\"layout\":\"2-3,1-3\"}}],\"name\":\"sekcja-cta-1-video\"}],\"version\":\"4.4.20\"} --><\/p>\n","protected":false},"excerpt":{"rendered":"<p>Oferta szkole\u0144 Prowadzisz firm\u0119 transportow\u0105 i potrzebujesz profesjonalnego szkolenia kierowc\u00f3w autoransporter\u00f3w? Skorzystaj z naszej wiedzy i do\u015bwiadczenia. [arrow-down] Kompleksowe szkolenie z przewoz\u00f3w samochod\u00f3w Szkolimy od A do Z w j\u0119zyku polskim, rosyjskim i angielskim. ZAPRASZAMY DO WSP\u00d3\u0141PRACY Jako firma z 25 letnim do\u015bwiadczeniem w transporcie samochod\u00f3w, oferujemy profesjonalne, kompleksowe szkolenia kierowc\u00f3w autotransporter\u00f3w, nazywanych potocznie laweciarzami, [&hellip;]<\/p>\n","protected":false},"author":444,"featured_media":0,"parent":0,"menu_order":0,"comment_status":"closed","ping_status":"closed","template":"","meta":{"footnotes":""},"class_list":["post-15832","page","type-page","status-publish","hentry"],"_links":{"self":[{"href":"https:\/\/szkolenia.adampolsa.com.pl\/ru\/wp-json\/wp\/v2\/pages\/15832","targetHints":{"allow":["GET"]}}],"collection":[{"href":"https:\/\/szkolenia.adampolsa.com.pl\/ru\/wp-json\/wp\/v2\/pages"}],"about":[{"href":"https:\/\/szkolenia.adampolsa.com.pl\/ru\/wp-json\/wp\/v2\/types\/page"}],"author":[{"embeddable":true,"href":"https:\/\/szkolenia.adampolsa.com.pl\/ru\/wp-json\/wp\/v2\/users\/444"}],"replies":[{"embeddable":true,"href":"https:\/\/szkolenia.adampolsa.com.pl\/ru\/wp-json\/wp\/v2\/comments?post=15832"}],"version-history":[{"count":1,"href":"https:\/\/szkolenia.adampolsa.com.pl\/ru\/wp-json\/wp\/v2\/pages\/15832\/revisions"}],"predecessor-version":[{"id":15833,"href":"https:\/\/szkolenia.adampolsa.com.pl\/ru\/wp-json\/wp\/v2\/pages\/15832\/revisions\/15833"}],"wp:attachment":[{"href":"https:\/\/szkolenia.adampolsa.com.pl\/ru\/wp-json\/wp\/v2\/media?parent=15832"}],"curies":[{"name":"wp","href":"https:\/\/api.w.org\/{rel}","templated":true}]}}